{"id":39,"date":"2020-01-14T14:15:40","date_gmt":"2020-01-14T19:15:40","guid":{"rendered":"https:\/\/dev.chairecle.chaire.ulaval.ca\/blogue\/"},"modified":"2025-09-07T21:16:13","modified_gmt":"2025-09-08T01:16:13","slug":"blogue","status":"publish","type":"page","link":"https:\/\/nadianaffi.fse.ulaval.ca\/en\/blogue\/","title":{"rendered":"Blog"},"content":{"rendered":"\n<section class=\"wp-block-csrtcommun-gutenberg-block-bloc-strate  strate bg-undefined\" aria-label=\"\"><div class=\"strate-contenu\">\n<section class=\"wp-block-csrtcommun-gutenberg-block-bloc-strate  strate bg-undefined\" aria-label=\"\"><div class=\"strate-contenu\"><div class=\"posts-moteur-recherche__wrapper \">\r\n\t\t\t\t<div class=\"moteur-recherche__wrapper\">\r\n\t\t\t\t<form method=\"post\" enctype=\"multipart\/form-data\" aria-label=\"Moteur de recherche\" role=\"search\">\r\n\t\t\t\t\t<input type=\"hidden\" id=\"image\" value=\"sans-image\"\/>\r\n\t\t\t\t\t<input type=\"hidden\" id=\"afficherExtrait\" value=\"\"\/>\r\n\t\t\t\t\t<input type=\"hidden\" id=\"afficherCategorie\" value=\"\"\/>\r\n\t\t\t\t\t<input type=\"hidden\" id=\"nbre_posts\" value=\"12\"\/>\r\n\t\t\t\t\t<input type=\"hidden\" id=\"nbre_posts_par_ligne\" value=\"3\"\/>\r\n\t\t\t\t\t<input type=\"hidden\" id=\"filtreProjets\" value=\"aucun\"\/>\r\n\t\t\t\t\t<div class=\"champs__wrapper\"><div class=\"selectTag\">\r\n\t\t\t\t<label for=\"fTag\">Search by tag<\/label>\r\n\t\t\t\t<select id=\"fTag\" name=\"fTag\">\r\n\t\t\t\t\t<option value=\"\" selected>All tags<\/option><option value=\"277\">Deepfake<\/option><option value=\"278\">D\u00e9sinformation<\/option><option value=\"282\">Invit\u00e9e conf\u00e9renci\u00e8re<\/option><option value=\"149\">Student Blog<\/option><\/select>\r\n\t\t\t<\/div>\t\t<button aria-controls=\"resultats-69e69418660ec\" class=\"bouton-filtre filtre-posts\">Filtrer<\/button>\r\n\t\t\t\t<\/div>\r\n\t\t\t<\/form>\r\n\t\t<\/div>\r\n\t\t<div class=\"posts_bloc__wrapper\"><div class=\"posts_bloc__liste sans-image\">\r\n\t\t\t\t\t<ul aria-live=\"polite\" id=\"resultats-69e69418660ec\" class=\"posts_bloc__liste-ul load-more__liste\" \r\n\t\t\t\t\t\tdata-category=\"blogues\"\r\n\t\t\t\t\t\tdata-dateevenement=\"\"\r\n\t\t\t\t\t\tdata-tag=\"\" \r\n\t\t\t\t\t\tdata-image=\"sans-image\" \r\n\t\t\t\t\t\tdata-nbreposts=\"12\" \r\n\t\t\t\t\t\tdata-nbrpoststotal=\"49\"\r\n\t\t\t\t\t\tdata-nbrepostsparligne=\"3\" \r\n\t\t\t\t\t\tdata-afficherextrait=\"\"  \r\n\t\t\t\t\t\tdata-lang=\"en\" \r\n\t\t\t\t\t\tdata-pagelien=\"https:\/\/nadianaffi.fse.ulaval.ca\/en\/wp-json\/wp\/v2\/pages\/39\" \r\n\t\t\t\t\t\tdata-evenementspasses=\"false\"><li class=\"posts_bloc__article sans-image  grid-1-posts\"><div class=\"posts_bloc__article-titre\"><h3>Deepfakes: How to empower youth to fight the threat of misinformation and\u00a0disinformation<\/h3><\/div><div class=\"posts_bloc__article-date\"><span>January 31, 2024<\/span><\/div><a class=\"posts_bloc__article-lien\" href=\"https:\/\/nadianaffi.fse.ulaval.ca\/en\/blogues-en\/deepfakes-how-to-empower-youth-to-fight-the-threat-of-misinformation-and-disinformation-2\/\"><span class=\"texte-hors-ecran\">Deepfakes: How to empower youth to fight the threat of misinformation and\u00a0disinformation<\/span><\/a><\/li><li class=\"posts_bloc__article sans-image  grid-1-posts\"><div class=\"posts_bloc__article-titre\"><h3>URGENT: We need sustainable hybrid and inclusive lifelong learning ecosystems<\/h3><\/div><div class=\"posts_bloc__article-date\"><span>June 18, 2022<\/span><\/div><a class=\"posts_bloc__article-lien\" href=\"https:\/\/nadianaffi.fse.ulaval.ca\/en\/blogues\/urgent-we-need-sustainable-hybrid-and-inclusive-lifelong-learning-ecosystems\/\"><span class=\"texte-hors-ecran\">URGENT: We need sustainable hybrid and inclusive lifelong learning ecosystems<\/span><\/a><\/li><li class=\"posts_bloc__article sans-image  grid-1-posts\"><div class=\"posts_bloc__article-titre\"><h3>Initiatives on TikTok against deepfakes<\/h3><\/div><div class=\"posts_bloc__article-date\"><span>May 30, 2022<\/span><\/div><a class=\"posts_bloc__article-lien\" href=\"https:\/\/nadianaffi.fse.ulaval.ca\/en\/blogues-en\/%ef%bf%bcles-initiatives-populaires-face-aux-deepfakes\/\"><span class=\"texte-hors-ecran\">Initiatives on TikTok against deepfakes<\/span><\/a><\/li><li class=\"posts_bloc__article sans-image  grid-1-posts\"><div class=\"posts_bloc__article-titre\"><h3>The metaverse &#8211; is education being redesigned?<\/h3><\/div><div class=\"posts_bloc__article-date\"><span>April 30, 2022<\/span><\/div><a class=\"posts_bloc__article-lien\" href=\"https:\/\/nadianaffi.fse.ulaval.ca\/en\/blogues-en\/the-metaverse-is-education-being-redesigned\/\"><span class=\"texte-hors-ecran\">The metaverse &#8211; is education being redesigned?<\/span><\/a><\/li><li class=\"posts_bloc__article sans-image  grid-1-posts\"><div class=\"posts_bloc__article-titre\"><h3>My research experience: \u00ab\u00a0Es gibt f\u00fcr alles ein erstes Mal\u00a0\u00bb (There is a first time for everything)<\/h3><\/div><div class=\"posts_bloc__article-date\"><span>April 23, 2022<\/span><\/div><a class=\"posts_bloc__article-lien\" href=\"https:\/\/nadianaffi.fse.ulaval.ca\/en\/blogues-en\/mon-experience-de-recherche-es-gibt-fur-alles-ein-erstes-mal-il-y-a-une-premiere-fois-a-tout\/\"><span class=\"texte-hors-ecran\">My research experience: \u00ab\u00a0Es gibt f\u00fcr alles ein erstes Mal\u00a0\u00bb (There is a first time for everything)<\/span><\/a><\/li><li class=\"posts_bloc__article sans-image  grid-1-posts\"><div class=\"posts_bloc__article-titre\"><h3>What is the relevance of digital badges in schools?<\/h3><\/div><div class=\"posts_bloc__article-date\"><span>April 17, 2022<\/span><\/div><a class=\"posts_bloc__article-lien\" href=\"https:\/\/nadianaffi.fse.ulaval.ca\/en\/blogues-en\/what-is-the-relevance-of-digital-badges-in-schools\/\"><span class=\"texte-hors-ecran\">What is the relevance of digital badges in schools?<\/span><\/a><\/li><li class=\"posts_bloc__article sans-image  grid-1-posts\"><div class=\"posts_bloc__article-titre\"><h3>The Metaverse as a training space<\/h3><\/div><div class=\"posts_bloc__article-date\"><span>March 15, 2022<\/span><\/div><a class=\"posts_bloc__article-lien\" href=\"https:\/\/nadianaffi.fse.ulaval.ca\/en\/blogues-en\/le-metavers-metaverse-comme-espace-de-formation\/\"><span class=\"texte-hors-ecran\">The Metaverse as a training space<\/span><\/a><\/li><li class=\"posts_bloc__article sans-image  grid-1-posts\"><div class=\"posts_bloc__article-titre\"><h3>Emerging technologies in education and their challenges<\/h3><\/div><div class=\"posts_bloc__article-date\"><span>March 9, 2022<\/span><\/div><a class=\"posts_bloc__article-lien\" href=\"https:\/\/nadianaffi.fse.ulaval.ca\/en\/blogues-en\/emerging-technologies-in-education-and-their-challenges\/\"><span class=\"texte-hors-ecran\">Emerging technologies in education and their challenges<\/span><\/a><\/li><li class=\"posts_bloc__article sans-image  grid-1-posts\"><div class=\"posts_bloc__article-titre\"><h3>Integrating VR in education: How? Why?<\/h3><\/div><div class=\"posts_bloc__article-date\"><span>March 7, 2022<\/span><\/div><a class=\"posts_bloc__article-lien\" href=\"https:\/\/nadianaffi.fse.ulaval.ca\/en\/blogues-en\/integrating-vr-in-education-how-why\/\"><span class=\"texte-hors-ecran\">Integrating VR in education: How? Why?<\/span><\/a><\/li><li class=\"posts_bloc__article sans-image  grid-1-posts\"><div class=\"posts_bloc__article-titre\"><h3>AI-powered chatbots, designed ethically, can support high-quality university teaching<\/h3><\/div><div class=\"posts_bloc__article-date\"><span>January 2, 2022<\/span><\/div><a class=\"posts_bloc__article-lien\" href=\"https:\/\/nadianaffi.fse.ulaval.ca\/en\/blogues-en\/ai-powered-chatbots-designed-ethically-can-support-high-quality-university-teaching\/\"><span class=\"texte-hors-ecran\">AI-powered chatbots, designed ethically, can support high-quality university teaching<\/span><\/a><\/li><li class=\"posts_bloc__article sans-image  grid-1-posts\"><div class=\"posts_bloc__article-titre\"><h3>Digital inequalities in private and public schools<\/h3><\/div><div class=\"posts_bloc__article-date\"><span>December 12, 2021<\/span><\/div><a class=\"posts_bloc__article-lien\" href=\"https:\/\/nadianaffi.fse.ulaval.ca\/en\/blogues-en\/digital-inequalities-in-private-and-public-schools\/\"><span class=\"texte-hors-ecran\">Digital inequalities in private and public schools<\/span><\/a><\/li><li class=\"posts_bloc__article sans-image  grid-1-posts\"><div class=\"posts_bloc__article-titre\"><h3>Digital transformation &#8211; The post COVID-19 world of e-learning &#8211; Some key players and challenges.<\/h3><\/div><div class=\"posts_bloc__article-date\"><span>November 30, 2021<\/span><\/div><a class=\"posts_bloc__article-lien\" href=\"https:\/\/nadianaffi.fse.ulaval.ca\/en\/blogues-en\/la-transformation-numerique-le-monde-de-lapprentissage-en-ligne-post-covid-19-quelques-acteurs-cles-et-defis\/\"><span class=\"texte-hors-ecran\">Digital transformation &#8211; The post COVID-19 world of e-learning &#8211; Some key players and challenges.<\/span><\/a><\/li><\/ul>\r\n\t\t\t\t<\/div><\/div><\/div><div class=\"clearFix\"><\/div><\/div><\/section>\n<div class=\"clearFix\"><\/div><\/div><\/section>\n\n\n\n<section class=\"wp-block-csrtcommun-gutenberg-block-bloc-strate  strate bg-gris-pale\" aria-label=\"\"><div class=\"strate-contenu\">\n<p class=\"has-text-align-center has-medium-font-size\"><strong>Got an article or an idea for an article for this blog? <a href=\"https:\/\/forms.office.com\/Pages\/ResponsePage.aspx?id=1Yt3Vj9q00uiZZMWPk1b_oqKcdikSBNHnqsg20zAOO5UMThWMlBTV1NDMU9PSFlBNUhSQUc3OTQ5Vi4u\">Let us know!<\/a><\/strong><\/p>\n<div class=\"clearFix\"><\/div><\/div><\/section>\n","protected":false},"excerpt":{"rendered":"","protected":false},"author":4,"featured_media":0,"parent":0,"menu_order":0,"comment_status":"closed","ping_status":"closed","template":"page-titre.php","meta":{"_acf_changed":false,"footnotes":""},"class_list":["post-39","page","type-page","status-publish","hentry"],"acf":[],"_links":{"self":[{"href":"https:\/\/nadianaffi.fse.ulaval.ca\/en\/wp-json\/wp\/v2\/pages\/39","targetHints":{"allow":["GET"]}}],"collection":[{"href":"https:\/\/nadianaffi.fse.ulaval.ca\/en\/wp-json\/wp\/v2\/pages"}],"about":[{"href":"https:\/\/nadianaffi.fse.ulaval.ca\/en\/wp-json\/wp\/v2\/types\/page"}],"author":[{"embeddable":true,"href":"https:\/\/nadianaffi.fse.ulaval.ca\/en\/wp-json\/wp\/v2\/users\/4"}],"replies":[{"embeddable":true,"href":"https:\/\/nadianaffi.fse.ulaval.ca\/en\/wp-json\/wp\/v2\/comments?post=39"}],"version-history":[{"count":15,"href":"https:\/\/nadianaffi.fse.ulaval.ca\/en\/wp-json\/wp\/v2\/pages\/39\/revisions"}],"predecessor-version":[{"id":20244,"href":"https:\/\/nadianaffi.fse.ulaval.ca\/en\/wp-json\/wp\/v2\/pages\/39\/revisions\/20244"}],"wp:attachment":[{"href":"https:\/\/nadianaffi.fse.ulaval.ca\/en\/wp-json\/wp\/v2\/media?parent=39"}],"curies":[{"name":"wp","href":"https:\/\/api.w.org\/{rel}","templated":true}]}}