{"id":31,"date":"2020-01-14T14:13:59","date_gmt":"2020-01-14T19:13:59","guid":{"rendered":"https:\/\/dev.chairecle.chaire.ulaval.ca\/actualites\/"},"modified":"2021-04-12T21:25:51","modified_gmt":"2021-04-13T01:25:51","slug":"actualites","status":"publish","type":"page","link":"https:\/\/nadianaffi.fse.ulaval.ca\/en\/actualites\/","title":{"rendered":"News"},"content":{"rendered":"\n<section class=\"wp-block-csrtcommun-gutenberg-block-bloc-strate  strate bg-undefined\"><div class=\"strate-contenu\"><div class=\"posts-moteur-recherche__wrapper \">\r\n\t\t\t\t<div class=\"moteur-recherche__wrapper\">\r\n\t\t\t\t<form method=\"post\" enctype=\"multipart\/form-data\" aria-label=\"Moteur de recherche\" role=\"search\">\r\n\t\t\t\t\t<input type=\"hidden\" id=\"image\" value=\"sans-image\"\/>\r\n\t\t\t\t\t<input type=\"hidden\" id=\"afficherExtrait\" value=\"\"\/>\r\n\t\t\t\t\t<input type=\"hidden\" id=\"afficherCategorie\" value=\"1\"\/>\r\n\t\t\t\t\t<input type=\"hidden\" id=\"nbre_posts\" value=\"12\"\/>\r\n\t\t\t\t\t<input type=\"hidden\" id=\"nbre_posts_par_ligne\" value=\"3\"\/>\r\n\t\t\t\t\t<input type=\"hidden\" id=\"filtreProjets\" value=\"aucun\"\/>\r\n\t\t\t\t\t<div class=\"champs__wrapper\"><div class=\"selectTag\">\r\n\t\t\t\t<label for=\"fTag\">Search by tag<\/label>\r\n\t\t\t\t<select id=\"fTag\" name=\"fTag\">\r\n\t\t\t\t\t<option value=\"\" selected>All tags<\/option><option value=\"277\">Deepfake<\/option><option value=\"278\">D\u00e9sinformation<\/option><option value=\"282\">Invit\u00e9e conf\u00e9renci\u00e8re<\/option><option value=\"149\">Student Blog<\/option><\/select>\r\n\t\t\t<\/div><div class=\"inputDate\">\r\n\t\t\t\t<label for=\"fDate\">Search by date<\/label>\r\n\t\t\t\t<div class=\"date-wrapper\">\r\n\t\t\t\t\t<input id=\"fDate\" class=\"date-input\" name=\"fDate\" type=\"date\" value=\"\" \/>\r\n\t\t\t\t<\/div>\r\n\t\t\t<\/div>\t\t<button aria-controls=\"resultats-69ffd49a49144\" class=\"bouton-filtre filtre-posts\">Filtrer<\/button>\r\n\t\t\t\t<\/div>\r\n\t\t\t<\/form>\r\n\t\t<\/div>\r\n\t\t<div class=\"posts_bloc__wrapper\"><div class=\"posts_bloc__liste sans-image\">\r\n\t\t\t\t\t<ul aria-live=\"polite\" id=\"resultats-69ffd49a49144\" class=\"posts_bloc__liste-ul load-more__liste\" \r\n\t\t\t\t\t\tdata-category=\"actualites\"\r\n\t\t\t\t\t\tdata-dateevenement=\"\"\r\n\t\t\t\t\t\tdata-tag=\"\" \r\n\t\t\t\t\t\tdata-image=\"sans-image\" \r\n\t\t\t\t\t\tdata-nbreposts=\"12\" \r\n\t\t\t\t\t\tdata-nbrpoststotal=\"42\"\r\n\t\t\t\t\t\tdata-nbrepostsparligne=\"3\" \r\n\t\t\t\t\t\tdata-afficherextrait=\"\"  \r\n\t\t\t\t\t\tdata-lang=\"en\" \r\n\t\t\t\t\t\tdata-pagelien=\"https:\/\/nadianaffi.fse.ulaval.ca\/en\/wp-json\/wp\/v2\/pages\/31\" \r\n\t\t\t\t\t\tdata-evenementspasses=\"false\"><li class=\"posts_bloc__article sans-image  grid-1-posts\"><div class=\"posts_bloc__article-titre\"><h3>Panelist at the webinar organized by the Canadian Science Policy Centre : Al-Driven Misinformation Across Sectors &#8211; Addressing a Cross-Societal Challenge<\/h3><\/div><div class=\"posts_bloc__article-date\"><span>November 8, 2025<\/span><\/div><a class=\"posts_bloc__article-lien\" href=\"https:\/\/nadianaffi.fse.ulaval.ca\/en\/evenements-en\/paneliste-au-webinaire-organise-par-le-centre-canadien-de-politiques-scientifiques-al-driven-misinformation-across-sectors-addressing-a-cross-societal-challenge\/\"><span class=\"texte-hors-ecran\">Panelist at the webinar organized by the Canadian Science Policy Centre : Al-Driven Misinformation Across Sectors &#8211; Addressing a Cross-Societal Challenge<\/span><\/a><\/li><li class=\"posts_bloc__article sans-image  grid-1-posts\"><div class=\"posts_bloc__article-titre\"><h3>Nouvelle parution : \u201cDeepfakes et la crise de la connaissance\u201d, publi\u00e9 par l\u2019UNESCO IdeasLab<\/h3><\/div><div class=\"posts_bloc__article-date\"><span>October 3, 2025<\/span><\/div><a class=\"posts_bloc__article-lien\" href=\"https:\/\/nadianaffi.fse.ulaval.ca\/en\/actualites-en\/nouvelle-parution-deepfakes-et-la-crise-de-la-connaissance-publie-par-lunesco-ideaslab\/\"><span class=\"texte-hors-ecran\">Nouvelle parution : \u201cDeepfakes et la crise de la connaissance\u201d, publi\u00e9 par l\u2019UNESCO IdeasLab<\/span><\/a><\/li><li class=\"posts_bloc__article sans-image  grid-1-posts\"><div class=\"posts_bloc__article-titre\"><h3>Naffi at MIAM: Telling Truth from Fiction in the Age of Deepfakes<\/h3><\/div><div class=\"posts_bloc__article-date\"><span>May 1, 2025<\/span><\/div><a class=\"posts_bloc__article-lien\" href=\"https:\/\/nadianaffi.fse.ulaval.ca\/en\/actualites-en\/naffi-at-miam-telling-truth-from-fiction-in-the-age-of-deepfakes\/\"><span class=\"texte-hors-ecran\">Naffi at MIAM: Telling Truth from Fiction in the Age of Deepfakes<\/span><\/a><\/li><li class=\"posts_bloc__article sans-image  grid-1-posts\"><div class=\"posts_bloc__article-titre\"><h3>Nadia Naffi, moderator of an international panel at the World Summit AI Americas 2025.<\/h3><\/div><div class=\"posts_bloc__article-date\"><span>April 18, 2025<\/span><\/div><a class=\"posts_bloc__article-lien\" href=\"https:\/\/nadianaffi.fse.ulaval.ca\/en\/actualites-en\/nadia-naffi-moderator-of-an-international-panel-at-the-world-summit-ai-americas-2025\/\"><span class=\"texte-hors-ecran\">Nadia Naffi, moderator of an international panel at the World Summit AI Americas 2025.<\/span><\/a><\/li><li class=\"posts_bloc__article sans-image  grid-1-posts\"><div class=\"posts_bloc__article-titre\"><h3>Naffi Panelist at the Nuit des Id\u00e9es 2025<\/h3><\/div><div class=\"posts_bloc__article-date\"><span>March 21, 2025<\/span><\/div><a class=\"posts_bloc__article-lien\" href=\"https:\/\/nadianaffi.fse.ulaval.ca\/en\/actualites-en\/naffi-panelist-at-the-nuit-des-idees-2025\/\"><span class=\"texte-hors-ecran\">Naffi Panelist at the Nuit des Id\u00e9es 2025<\/span><\/a><\/li><li class=\"posts_bloc__article sans-image  grid-1-posts\"><div class=\"posts_bloc__article-titre\"><h3>Deepfakes : Between Threats and Technological Miracles \u2013 Webinar by Nadia Naffi (in French)<\/h3><\/div><div class=\"posts_bloc__article-date\"><span>December 4, 2024<\/span><\/div><a class=\"posts_bloc__article-lien\" href=\"https:\/\/nadianaffi.fse.ulaval.ca\/en\/actualites-en\/deepfakes-between-threats-and-technological-miracles-webinar-by-nadia-naffi-in-french\/\"><span class=\"texte-hors-ecran\">Deepfakes : Between Threats and Technological Miracles \u2013 Webinar by Nadia Naffi (in French)<\/span><\/a><\/li><li class=\"posts_bloc__article sans-image  grid-1-posts\"><div class=\"posts_bloc__article-titre\"><h3>Naffi in opening plenary at CPI 2024: Understanding and anticipating the impact of deepfakes on documentary environments, November 5, 2024 (in french)<\/h3><\/div><div class=\"posts_bloc__article-date\"><span>October 16, 2024<\/span><\/div><a class=\"posts_bloc__article-lien\" href=\"https:\/\/nadianaffi.fse.ulaval.ca\/en\/actualites-en\/naffi-in-opening-plenary-at-cpi-2024-understanding-and-anticipating-the-impact-of-deepfakes-on-documentary-environments-november-5-2024-in-french\/\"><span class=\"texte-hors-ecran\">Naffi in opening plenary at CPI 2024: Understanding and anticipating the impact of deepfakes on documentary environments, November 5, 2024 (in french)<\/span><\/a><\/li><li class=\"posts_bloc__article sans-image  grid-1-posts\"><div class=\"posts_bloc__article-titre\"><h3>Publication of the article \u201cEducating against misinformation amplified by AI and hypertrucage: a review of initiatives from 2018 to 2024\u201d (in french)<\/h3><\/div><div class=\"posts_bloc__article-date\"><span>October 10, 2024<\/span><\/div><a class=\"posts_bloc__article-lien\" href=\"https:\/\/nadianaffi.fse.ulaval.ca\/en\/actualites-en\/publication-of-the-article-educating-against-misinformation-amplified-by-ai-and-hypertrucage-a-review-of-initiatives-from-2018-to-2024-in-french\/\"><span class=\"texte-hors-ecran\">Publication of the article \u201cEducating against misinformation amplified by AI and hypertrucage: a review of initiatives from 2018 to 2024\u201d (in french)<\/span><\/a><\/li><li class=\"posts_bloc__article sans-image  grid-1-posts\"><div class=\"posts_bloc__article-titre\"><h3>Opening lecture at the 62nd annual SPHQ conference: Nadia Naffi and L\u00e9on Robichaud explore the impact of artificial intelligence on history teaching &#8211; October 24, 2024 (in french)<\/h3><\/div><div class=\"posts_bloc__article-date\"><span>October 8, 2024<\/span><\/div><a class=\"posts_bloc__article-lien\" href=\"https:\/\/nadianaffi.fse.ulaval.ca\/en\/actualites-en\/conference-douverture-du-62e-congres-annuel-de-la-sphq-nadia-naffi-et-leon-robichaud-explorent-limpact-de-lintelligence-artificielle-sur-lenseignement-de-l\/\"><span class=\"texte-hors-ecran\">Opening lecture at the 62nd annual SPHQ conference: Nadia Naffi and L\u00e9on Robichaud explore the impact of artificial intelligence on history teaching &#8211; October 24, 2024 (in french)<\/span><\/a><\/li><li class=\"posts_bloc__article sans-image  grid-1-posts\"><div class=\"posts_bloc__article-titre\"><h3>Camp FAD 2024 &#8211; Imagine a world where reality and illusion merge\u2026 That&#8217;s what Nadia Naffi Ph.D. invites us to explore at the closing conference on October 17, 2024 \u00a0(in french)<\/h3><\/div><div class=\"posts_bloc__article-date\"><span>October 1, 2024<\/span><\/div><a class=\"posts_bloc__article-lien\" href=\"https:\/\/nadianaffi.fse.ulaval.ca\/en\/actualites-en\/camp-fad-2024-imagine-a-world-where-reality-and-illusion-merge-thats-what-nadia-naffi-ph-d-invites-us-to-explore-at-the-closing-conference\/\"><span class=\"texte-hors-ecran\">Camp FAD 2024 &#8211; Imagine a world where reality and illusion merge\u2026 That&#8217;s what Nadia Naffi Ph.D. invites us to explore at the closing conference on October 17, 2024 \u00a0(in french)<\/span><\/a><\/li><li class=\"posts_bloc__article sans-image  grid-1-posts\"><div class=\"posts_bloc__article-titre\"><h3>Naffi&#8217;s participation in the development of guidelines for generative artificial intelligence in teaching and learning at Universit\u00e9 Laval, drawn up by the Vice-Rector of Studies and Student Affairs, under the direction of Cathia Bergeron (in French)<\/h3><\/div><div class=\"posts_bloc__article-date\"><span>September 1, 2024<\/span><\/div><a class=\"posts_bloc__article-lien\" href=\"https:\/\/nadianaffi.fse.ulaval.ca\/en\/actualites-en\/naffis-participation-in-the-development-of-guidelines-for-generative-artificial-intelligence-in-teaching-and-learning-at-universite-laval-drawn-up-by-the-vice-rector-of-studies-and-student-affairs\/\"><span class=\"texte-hors-ecran\">Naffi&#8217;s participation in the development of guidelines for generative artificial intelligence in teaching and learning at Universit\u00e9 Laval, drawn up by the Vice-Rector of Studies and Student Affairs, under the direction of Cathia Bergeron (in French)<\/span><\/a><\/li><li class=\"posts_bloc__article sans-image  grid-1-posts\"><div class=\"posts_bloc__article-titre\"><h3>Naffi highlights the importance of critical thinking in the face of deepfakes at the &#8220;journ\u00e9e de r\u00e9flexion&#8221; at Universit\u00e9 Laval<\/h3><\/div><div class=\"posts_bloc__article-date\"><span>August 30, 2024<\/span><\/div><a class=\"posts_bloc__article-lien\" href=\"https:\/\/nadianaffi.fse.ulaval.ca\/en\/actualites-en\/naffi-highlights-the-importance-of-critical-thinking-in-the-face-of-deepfakes-at-the-journee-de-reflexion-at-universite-laval\/\"><span class=\"texte-hors-ecran\">Naffi highlights the importance of critical thinking in the face of deepfakes at the &#8220;journ\u00e9e de r\u00e9flexion&#8221; at Universit\u00e9 Laval<\/span><\/a><\/li><\/ul>\r\n\t\t\t\t<\/div><\/div><\/div><div class=\"clearFix\"><\/div><\/div><\/section>\n","protected":false},"excerpt":{"rendered":"","protected":false},"author":4,"featured_media":0,"parent":0,"menu_order":0,"comment_status":"closed","ping_status":"closed","template":"page-titre.php","meta":{"_acf_changed":false,"footnotes":""},"class_list":["post-31","page","type-page","status-publish","hentry"],"acf":[],"_links":{"self":[{"href":"https:\/\/nadianaffi.fse.ulaval.ca\/en\/wp-json\/wp\/v2\/pages\/31","targetHints":{"allow":["GET"]}}],"collection":[{"href":"https:\/\/nadianaffi.fse.ulaval.ca\/en\/wp-json\/wp\/v2\/pages"}],"about":[{"href":"https:\/\/nadianaffi.fse.ulaval.ca\/en\/wp-json\/wp\/v2\/types\/page"}],"author":[{"embeddable":true,"href":"https:\/\/nadianaffi.fse.ulaval.ca\/en\/wp-json\/wp\/v2\/users\/4"}],"replies":[{"embeddable":true,"href":"https:\/\/nadianaffi.fse.ulaval.ca\/en\/wp-json\/wp\/v2\/comments?post=31"}],"version-history":[{"count":5,"href":"https:\/\/nadianaffi.fse.ulaval.ca\/en\/wp-json\/wp\/v2\/pages\/31\/revisions"}],"predecessor-version":[{"id":8028,"href":"https:\/\/nadianaffi.fse.ulaval.ca\/en\/wp-json\/wp\/v2\/pages\/31\/revisions\/8028"}],"wp:attachment":[{"href":"https:\/\/nadianaffi.fse.ulaval.ca\/en\/wp-json\/wp\/v2\/media?parent=31"}],"curies":[{"name":"wp","href":"https:\/\/api.w.org\/{rel}","templated":true}]}}