{"id":2357,"date":"2020-02-07T14:06:14","date_gmt":"2020-02-07T19:06:14","guid":{"rendered":"https:\/\/pedagogienumerique.chaire.ulaval.ca\/titulaire\/"},"modified":"2024-02-08T15:14:36","modified_gmt":"2024-02-08T20:14:36","slug":"chairholder","status":"publish","type":"page","link":"https:\/\/nadianaffi.fse.ulaval.ca\/en\/chairholder\/","title":{"rendered":"Chairholder"},"content":{"rendered":"\n<div class=\"wp-block-getwid-section alignfull alignfull getwid-section-content-custom-width\"><div class=\"wp-block-getwid-section__wrapper getwid-padding-left-medium getwid-padding-right-medium\"><div class=\"wp-block-getwid-section__inner-wrapper\" style=\"max-width:1140px\"><div class=\"wp-block-getwid-section__background-holder\"><div class=\"wp-block-getwid-section__background\"><\/div><div class=\"wp-block-getwid-section__foreground\"><\/div><\/div><div class=\"wp-block-getwid-section__content\"><div class=\"wp-block-getwid-section__inner-content\">\n<div class=\"wp-block-getwid-advanced-heading\" style=\"margin-bottom:30px;margin-top:10px\"><h2 class=\"wp-block-getwid-advanced-heading__content\" style=\"text-align:center\">Meet the Chairholder<\/h2><\/div>\n<\/div><\/div><\/div><\/div><\/div>\n\n\n\n<section class=\"wp-block-csrtcommun-gutenberg-block-bloc-strate  strate bg-undefined\" aria-label=\"\"><div class=\"strate-contenu\">\n<div class=\"wp-block-columns has-2-columns is-layout-flex wp-container-core-columns-is-layout-9d6595d7 wp-block-columns-is-layout-flex\">\n<div class=\"wp-block-column is-layout-flow wp-block-column-is-layout-flow\">\n<div class=\"wp-block-getwid-banner has-animation-style4 has-text-animation-opacity-bottom has-foreground-0 has-vertical-alignment-bottom\"><a href=\"https:\/\/www.fse.ulaval.ca\/cv\/Nadia.Naffi\/\" target=\"_blank\" rel=\"noreferrer noopener\" class=\"wp-block-getwid-banner__link\"><div class=\"wp-block-getwid-banner__wrapper\"><img loading=\"lazy\" decoding=\"async\" width=\"2553\" height=\"2553\" src=\"https:\/\/pedagogienumerique.chaire.ulaval.ca\/wp-content\/uploads\/sites\/5\/2020\/03\/Nadia_Naffi-C.jpg\" alt=\"\" class=\"wp-block-getwid-banner__image wp-block-getwid-banner__source wp-image-1366\" srcset=\"https:\/\/nadianaffi.fse.ulaval.ca\/wp-content\/uploads\/sites\/5\/2020\/03\/Nadia_Naffi-C.jpg 2553w, https:\/\/nadianaffi.fse.ulaval.ca\/wp-content\/uploads\/sites\/5\/2020\/03\/Nadia_Naffi-C-150x150.jpg 150w, https:\/\/nadianaffi.fse.ulaval.ca\/wp-content\/uploads\/sites\/5\/2020\/03\/Nadia_Naffi-C-768x768.jpg 768w, https:\/\/nadianaffi.fse.ulaval.ca\/wp-content\/uploads\/sites\/5\/2020\/03\/Nadia_Naffi-C-1024x1024.jpg 1024w\" sizes=\"auto, (max-width: 2553px) 100vw, 2553px\" \/><div class=\"wp-block-getwid-banner__caption\"><div class=\"wp-block-getwid-banner__caption-wrapper\"><span class=\"wp-block-getwid-banner__title\">Nadia Naffi PhD<\/span><\/div><\/div><\/div><\/a><\/div>\n<\/div>\n\n\n\n<div class=\"wp-block-column is-layout-flow wp-block-column-is-layout-flow\">\n<p><a href=\"https:\/\/www.fse.ulaval.ca\/cv\/Nadia.Naffi\/\">Dr. Nadia Naffi is an Assistant Professor of Educational Technology<\/a> in the Department of Teaching and Learning Studies at the Faculty of Education and holder of the Chair in Educational Leadership (CLE) in Innovative Pedagogical Practices in Digital Contexts &#8211; National Bank at Universit\u00e9 Laval.&nbsp; <\/p>\n\n\n\n<p>Until June 2023, she co-led the Education and Empowerment axis at the <a href=\"https:\/\/observatoire-ia.ulaval.ca\/en\/\" target=\"_blank\" rel=\"noreferrer noopener\">International Observatory on the Societal Impacts of AI and Digital Technologies (OBVIA)<\/a>. She also chaired the university&#8217;s Institutional Committee on Pedagogical Innovation (CIE)<\/p>\n\n\n\n<p>Naffi holds a doctorate in education (educational technology) and a master&#8217;s degree in educational technology from Concordia University, as well as a bachelor&#8217;s degree in interior design from the Lebanese American University.&nbsp;   <\/p>\n\n\n\n<p>Naffi has taught online and face-to-face courses in the areas of digital media, instructional design, human performance technology (HPT), distance education,  social technologies and the socio-cultural aspects of learning, consulting in edtech, and qualitative research methods at <a href=\"https:\/\/education.ontariotechu.ca\/undergraduate\/bachelor-of-arts-estd-adult-education-and-digital-technology.php\">Ontario Tech University<\/a> and <a href=\"http:\/\/www.concordia.ca\/academics\/graduate\/educational-technology-ma.html\">Concordia University<\/a>. She currently teaches <a href=\"https:\/\/www.enseigner.ulaval.ca\/ressources-pedagogiques\/la-formation-comodale\">multimodal<\/a> courses in educational technology at <a href=\"https:\/\/www.ulaval.ca\/les-etudes\/programmes\/repertoire\/details\/maitrise-en-technologie-educative-ma.html#presentation-generale\">Universit\u00e9 Laval<\/a>.<\/p>\n<\/div>\n<\/div>\n\n\n\n<p>A prolific polyglot author, she has publications in refereed journals, conference proceedings, book chapters, and book reviews. She has given presentations at scientific conferences, organized panels, offered keynote lectures, and invited presentations. Naffi has written opinion pieces which she has published in high-impact journals such as La Presse, The Conversation, The Gazette, The Huffington Post, Maclean&#8217;s, The National Post, Franceinfotv, and Ouest-France. She has given interviews to the media, and appeared on TV and radio. She has presented at high-profile events such as at the<a href=\"https:\/\/www.gg.ca\/en\/media\/photos\/2017\/sshrc-impact-awards\" target=\"_blank\" rel=\"noreferrer noopener\"> SSHRC Impact Awards <\/a>at <a href=\"https:\/\/twitter.com\/nadianaffi\/status\/910250706518540288\" target=\"_blank\" rel=\"noreferrer noopener\">Rideau Hall, before the Governor General of Canada<\/a>. She has received several invitations to offer workshops in the context of summer schools and professional development days.<\/p>\n\n\n\n<p>As a doctoral student, Naffi has received numerous awards for the excellence of her doctoral research. Her <a href=\"https:\/\/fr.slideshare.net\/NadiaNaffi\/nadia-naffilearning-about-oneself-an-essential-process-to-confront-social-media-propaganda-against-the-resettlement-of-syrian-refugees-phd-defence2017-86490218\" target=\"_blank\" rel=\"noreferrer noopener\">project<\/a> focussed on how host society youth construe online content about the Syrian refugee crisis after the terror attacks. It addressed how hate, fear, and prejudice spread through social media. She identified a five-step model called <em>Get Ready to Act Against Social Media Propaganda<\/em>, which can be used in educational contexts to disrupt hate discourses. First, she was funded by the FRQSC and SSHRC and received scholarships from the Department of Education at Concordia University. She was named <a href=\"https:\/\/www.concordia.ca\/sgs\/public-scholars\/alumni\/2017\/nadia-naffi.html\">Concordia Public Scholar in 2017-2018<\/a> to represent Concordia University in the media, she was <a href=\"https:\/\/www.sshrc-crsh.gc.ca\/news_room-salle_de_presse\/latest_news-nouvelles_recentes\/2017\/final_five-cinq_grands_gagnants-eng.aspx\">a winner of the SSHRC&#8217;s Storytellers national competition<\/a>, a finalist for Concordia University&#8217;s My 180-second thesis competition, a winner of <a rel=\"noreferrer noopener\" href=\"https:\/\/www.youtube.com\/watch?v=WfhkgApEGxc&amp;t=12s\" target=\"_blank\">ACFAS&#8217;s My Thesis in 3 minutes competition<\/a>, and she won the <a rel=\"noreferrer noopener\" href=\"https:\/\/www.concordia.ca\/cunews\/main\/stories\/2017\/11\/01\/media-outreach-awards-2017.html\" target=\"_blank\">President&#8217;s Media Outreach Award (2016-2017)<\/a> for excellence in communications. She was awarded <a href=\"https:\/\/www.gg.ca\/en\/honours\/recipients\/116-95781\">the Governor General&#8217;s Gold Medal of Canada &#8211; Individual and Society 2018<\/a> for the excellence of her <a href=\"https:\/\/spectrum.library.concordia.ca\/983399\/\">doctoral thesis<\/a>.<em><strong> <\/strong><\/em><\/p>\n\n\n\n<p>Naffi is also the recipient of the SALTISE 2019 <a rel=\"noreferrer noopener\" href=\"https:\/\/www.saltise.ca\/member\/nadia-naffi\/\" target=\"_blank\">Best Practices &amp; Pedagogical Innovators Award<\/a>, and the <a href=\"https:\/\/www.concordia.ca\/content\/shared\/en\/profiles\/offices\/advancement\/notable-concordians\/nadia-naffi.html?c=\/alumni-friends\/applause\/awards\" target=\"_blank\" rel=\"noreferrer noopener\">John F. Lemieux Young Alumni Medal<\/a>. This prestigious medal is awarded to a recent graduate of Concordia University (within the last ten years) who has demonstrated an innovative spirit and next-generation approach in the pursuit of excellence, pushing the boundaries in their field.<\/p>\n\n\n\n<p>As Chairholder, Naffi is interested in pedagogical innovation in digital contexts as well as competency development for the future of work. Her research focuses on  : <\/p>\n\n\n\n<ul class=\"wp-block-list\">\n<li>The ethical, critical, responsible and sustainable application of disruptive technologies such as artificial intelligence in education, training, talent development, and upskilling and reskilling of the current and future workforce;<\/li>\n\n\n\n<li>The approaches in human performance technology to facilitate the intergenerational, interdisciplinary, and intersectoral inclusion and integration of the current and future workforce in tomorrow&#8217;s labour market and the co-existence in the digital and AI era through which humans and machines collaborate to facilitate and develop collaborative intelligence and humans&#8217; augmented intelligence;<\/li>\n\n\n\n<li>Digital citizenship and agency to combat online disinformation in the form of deepfake.<\/li>\n<\/ul>\n\n\n\n<p>Her research receives funding from SSHRC,  Canadian Heritage and the minist\u00e8re de l\u2019\u00c9conomie, de l\u2019Innovation et de l\u2019\u00c9nergie.<\/p>\n\n\n\n<p>Naffi is affiliated with the <a href=\"https:\/\/www.crievat.fse.ulaval.ca\/\">Centre de recherche et d\u2019intervention sur l\u2019\u00e9ducation et la vie au travail<\/a> (CRIEVAT), the <a href=\"https:\/\/observatoire-ia.ulaval.ca\/axe\/education-et-capacitation\/\">Observatoire international sur les impacts soci\u00e9taux de l\u2019IA et du num\u00e9rique (OBVIA) \u2013 axe \u00e9ducation et capacitation<\/a>, the <a href=\"https:\/\/crires.ulaval.ca\/\">Centre de recherche et d\u2019intervention sur la r\u00e9ussite scolaire<\/a> (CRIRES), the <a href=\"http:\/\/griiptic.ca\/\">Groupe de recherche interuniversitaire sur l\u2019int\u00e9gration p\u00e9dagogique des technologies<\/a> (GRIIPTIC), the <a href=\"https:\/\/crifpe.fse.ulaval.ca\/\">Centre de recherche interuniversitaire sur la formation et la profession enseignante, Universit\u00e9 Laval (CRIFPE-Laval)<\/a>, the <a href=\"http:\/\/www.educationmakers.ca\/\">EducationMakers<\/a> at <a href=\"https:\/\/milieux.concordia.ca\/\">Milieux Institute for Arts, Culture and Technology,<\/a> and the <a href=\"https:\/\/eilab.ca\/\">Educational Informatics Lab <\/a>(EILAB).<\/p>\n\n\n\n<div style=\"height:40px\" aria-hidden=\"true\" class=\"wp-block-spacer\"><\/div>\n\n\n\n<div style=\"height:40px\" aria-hidden=\"true\" class=\"wp-block-spacer\"><\/div>\n\n\n\n<figure class=\"wp-block-image size-large\"><img loading=\"lazy\" decoding=\"async\" width=\"1024\" height=\"213\" src=\"https:\/\/pedagogienumerique.chaire.ulaval.ca\/wp-content\/uploads\/sites\/5\/2023\/05\/Untitled.001-1024x213.jpeg\" alt=\"Universit\u00e9 Laval, Facult\u00e9 des sciences de l'\u00e9ducation, Observatoire international sur les impacts soci\u00e9taux de l'IA et du num\u00e9rique, CRIFPE, CRIRES et GRIIPTIC.\" class=\"wp-image-15950\" srcset=\"https:\/\/nadianaffi.fse.ulaval.ca\/wp-content\/uploads\/sites\/5\/2023\/05\/Untitled.001-1024x213.jpeg 1024w, https:\/\/nadianaffi.fse.ulaval.ca\/wp-content\/uploads\/sites\/5\/2023\/05\/Untitled.001-768x160.jpeg 768w, https:\/\/nadianaffi.fse.ulaval.ca\/wp-content\/uploads\/sites\/5\/2023\/05\/Untitled.001-1536x320.jpeg 1536w, https:\/\/nadianaffi.fse.ulaval.ca\/wp-content\/uploads\/sites\/5\/2023\/05\/Untitled.001.jpeg 1920w\" sizes=\"auto, (max-width: 1024px) 100vw, 1024px\" \/><\/figure>\n<div class=\"clearFix\"><\/div><\/div><\/section>\n","protected":false},"excerpt":{"rendered":"","protected":false},"author":19,"featured_media":198,"parent":0,"menu_order":0,"comment_status":"closed","ping_status":"closed","template":"","meta":{"_acf_changed":false,"footnotes":""},"class_list":["post-2357","page","type-page","status-publish","has-post-thumbnail","hentry"],"acf":[],"_links":{"self":[{"href":"https:\/\/nadianaffi.fse.ulaval.ca\/en\/wp-json\/wp\/v2\/pages\/2357","targetHints":{"allow":["GET"]}}],"collection":[{"href":"https:\/\/nadianaffi.fse.ulaval.ca\/en\/wp-json\/wp\/v2\/pages"}],"about":[{"href":"https:\/\/nadianaffi.fse.ulaval.ca\/en\/wp-json\/wp\/v2\/types\/page"}],"author":[{"embeddable":true,"href":"https:\/\/nadianaffi.fse.ulaval.ca\/en\/wp-json\/wp\/v2\/users\/19"}],"replies":[{"embeddable":true,"href":"https:\/\/nadianaffi.fse.ulaval.ca\/en\/wp-json\/wp\/v2\/comments?post=2357"}],"version-history":[{"count":37,"href":"https:\/\/nadianaffi.fse.ulaval.ca\/en\/wp-json\/wp\/v2\/pages\/2357\/revisions"}],"predecessor-version":[{"id":18496,"href":"https:\/\/nadianaffi.fse.ulaval.ca\/en\/wp-json\/wp\/v2\/pages\/2357\/revisions\/18496"}],"wp:featuredmedia":[{"embeddable":true,"href":"https:\/\/nadianaffi.fse.ulaval.ca\/en\/wp-json\/wp\/v2\/media\/198"}],"wp:attachment":[{"href":"https:\/\/nadianaffi.fse.ulaval.ca\/en\/wp-json\/wp\/v2\/media?parent=2357"}],"curies":[{"name":"wp","href":"https:\/\/api.w.org\/{rel}","templated":true}]}}